{"id":1383,"date":"2024-10-04T11:22:49","date_gmt":"2024-10-04T09:22:49","guid":{"rendered":"https:\/\/www.artbonsai.fr\/?page_id=1383"},"modified":"2025-01-17T14:29:15","modified_gmt":"2025-01-17T13:29:15","slug":"mentions-legales","status":"publish","type":"page","link":"https:\/\/www.artbonsai.fr\/index.php\/mentions-legales\/","title":{"rendered":"Mentions l\u00e9gales"},"content":{"rendered":"\n<p class=\"has-text-align-center has-text-color has-link-color wp-elements-f60535b6d10c8c9df0a0478574f92384\" style=\"color:#080000\"><strong><em>Mentions l\u00e9gales en vigueur au 04\/09\/2024<\/em><\/strong><\/p>\n\n\n\n<p class=\"has-text-color has-link-color wp-elements-94575354a3d68974484755d1203654c1\" style=\"color:#080000\">Conform\u00e9ment aux dispositions de la loi n\u00b02004-575 du 21 juin 2004 pour la Confiance en l\u2019\u00e9conomie num\u00e9rique, il est port\u00e9 \u00e0 la connaissance des utilisateurs et visiteurs, ci-apr\u00e8s l&rsquo;<strong>Utilisateur<\/strong>, du site www.artbonsai.fr , ci-apr\u00e8s le <strong>Site<\/strong>, les pr\u00e9sentes mentions l\u00e9gales.<\/p>\n\n\n\n<p class=\"has-text-color has-link-color wp-elements-d0c290be1cbc2e2ce6f694a687c0baa5\" style=\"color:#080000\">La connexion et la navigation sur le Site par l\u2019Utilisateur implique acceptation int\u00e9grale et sans r\u00e9serve des pr\u00e9sentes mentions l\u00e9gales.<\/p>\n\n\n\n<p class=\"has-text-color has-link-color wp-elements-3e45144a7f4511bfb4f247eccc26a452\" style=\"color:#080000\">Ces derni\u00e8res sont accessibles sur le Site \u00e0 la rubrique <strong>Mentions l\u00e9gales<\/strong>.<\/p>\n\n\n\n<p class=\"has-text-align-center has-text-color has-link-color wp-elements-e1698efdb6a203c9f59bdd678524d4ca\" style=\"color:#080000\"><strong><em>Edition du site<\/em><\/strong><\/p>\n\n\n\n<p class=\"has-text-color has-link-color wp-elements-3aba0c95fc01d5012de96dbe86fffee2\" style=\"color:#080000\">L\u2019\u00e9dition et la direction de la publication du Site est assur\u00e9e par <br>Monsieur Jean-Michel Singer, domicili\u00e9 62 route de la Marigarde, <br>Le Jardin des Senteurs, E99, 06130 Grasse <br>dont le num\u00e9ro de t\u00e9l\u00e9phone est [0]687746003,<br>et l&rsquo;adresse e-mail jimi06600 [@] gmail.com.<\/p>\n\n\n\n<p class=\"has-text-align-center has-text-color has-link-color wp-elements-ff6c0c6ed8a159ff8a8c6ad8f7b4791c\" style=\"color:#080000\"><strong><em>H\u00e9bergeur<\/em><\/strong><\/p>\n\n\n\n<p class=\"has-text-color has-link-color wp-elements-c1d88ad548949a8568f014138aa11d7c\" style=\"color:#080000\">L&rsquo;h\u00e9bergeur du Site est la soci\u00e9t\u00e9 OVH, dont le si\u00e8ge social est situ\u00e9 au&nbsp; <br>2 rue Kellermann <br>59100 Roubaix &#8211; France.<\/p>\n\n\n\n<p class=\"has-text-align-center has-text-color has-link-color wp-elements-cd4fe620647383746a6d834ff41a4b67\" style=\"color:#080000\"><strong><em>Acc\u00e8s au site<\/em><\/strong><\/p>\n\n\n\n<p class=\"has-text-color has-link-color wp-elements-62c45ded420e5386ebae53efbadaf21a\" style=\"color:#080000\">Le Site est normalement accessible, \u00e0 tout moment, \u00e0 l&rsquo;Utilisateur. <br>Toutefois, l&rsquo;Editeur pourra, \u00e0 tout moment, suspendre, limiter ou interrompre le Site afin de proc\u00e9der, notamment, \u00e0 des mises \u00e0 jour ou des modifications de <br>son contenu. L&rsquo;Editeur ne pourra en aucun cas \u00eatre tenu responsable des cons\u00e9quences \u00e9ventuelles de cette indisponibilit\u00e9 sur les activit\u00e9s de l&rsquo;Utilisateur.<\/p>\n\n\n\n<p class=\"has-text-color has-link-color wp-elements-1b9ded90c995ba56e25c18afe464b2bc\" style=\"color:#080000\">Toute utilisation, reproduction, diffusion, commercialisation, modification de toute ou partie du Site, sans autorisation expresse de l\u2019Editeur est prohib\u00e9e et pourra entra\u00eener des actions et poursuites judiciaires telles que pr\u00e9vues par la r\u00e9glementation en vigueur.<\/p>\n\n\n\n<p><\/p>\n","protected":false},"excerpt":{"rendered":"<p>Mentions l\u00e9gales en vigueur au 04\/09\/2024 Conform\u00e9ment aux dispositions de la loi n\u00b02004-575 du 21 juin 2004 pour la Confiance en l\u2019\u00e9conomie num\u00e9rique, il est port\u00e9 \u00e0 la connaissance des utilisateurs et visiteurs, ci-apr\u00e8s l&rsquo;Utilisateur, du site www.artbonsai.fr , ci-apr\u00e8s le Site, les pr\u00e9sentes mentions l\u00e9gales. La connexion et la navigation sur le Site par [&hellip;]<\/p>\n","protected":false},"author":1,"featured_media":0,"parent":0,"menu_order":0,"comment_status":"closed","ping_status":"closed","template":"","meta":{"footnotes":""},"class_list":["post-1383","page","type-page","status-publish","hentry"],"yoast_head":"<!-- This site is optimized with the Yoast SEO plugin v27.3 - https:\/\/yoast.com\/product\/yoast-seo-wordpress\/ -->\n<title>Mentions l\u00e9gales - artbonsai.fr<\/title>\n<meta name=\"robots\" content=\"index, follow, max-snippet:-1, max-image-preview:large, max-video-preview:-1\" \/>\n<link rel=\"canonical\" href=\"https:\/\/www.artbonsai.fr\/index.php\/mentions-legales\/\" \/>\n<meta property=\"og:locale\" content=\"fr_FR\" \/>\n<meta property=\"og:type\" content=\"article\" \/>\n<meta property=\"og:title\" content=\"Mentions l\u00e9gales - artbonsai.fr\" \/>\n<meta property=\"og:description\" content=\"Mentions l\u00e9gales en vigueur au 04\/09\/2024 Conform\u00e9ment aux dispositions de la loi n\u00b02004-575 du 21 juin 2004 pour la Confiance en l\u2019\u00e9conomie num\u00e9rique, il est port\u00e9 \u00e0 la connaissance des utilisateurs et visiteurs, ci-apr\u00e8s l&rsquo;Utilisateur, du site www.artbonsai.fr , ci-apr\u00e8s le Site, les pr\u00e9sentes mentions l\u00e9gales. La connexion et la navigation sur le Site par [&hellip;]\" \/>\n<meta property=\"og:url\" content=\"https:\/\/www.artbonsai.fr\/index.php\/mentions-legales\/\" \/>\n<meta property=\"og:site_name\" content=\"artbonsai.fr\" \/>\n<meta property=\"article:publisher\" content=\"https:\/\/www.facebook.com\/profile.php?id=61572870470288\" \/>\n<meta property=\"article:modified_time\" content=\"2025-01-17T13:29:15+00:00\" \/>\n<meta property=\"og:image\" content=\"https:\/\/www.artbonsai.fr\/wp-content\/uploads\/2024\/08\/cropped-Logo_ArtBonsaiWhite.jpg\" \/>\n\t<meta property=\"og:image:width\" content=\"512\" \/>\n\t<meta property=\"og:image:height\" content=\"512\" \/>\n\t<meta property=\"og:image:type\" content=\"image\/jpeg\" \/>\n<meta name=\"twitter:card\" content=\"summary_large_image\" \/>\n<meta name=\"twitter:label1\" content=\"Dur\u00e9e de lecture estim\u00e9e\" \/>\n\t<meta name=\"twitter:data1\" content=\"2 minutes\" \/>\n<script type=\"application\/ld+json\" class=\"yoast-schema-graph\">{\"@context\":\"https:\\\/\\\/schema.org\",\"@graph\":[{\"@type\":\"WebPage\",\"@id\":\"https:\\\/\\\/www.artbonsai.fr\\\/index.php\\\/mentions-legales\\\/\",\"url\":\"https:\\\/\\\/www.artbonsai.fr\\\/index.php\\\/mentions-legales\\\/\",\"name\":\"Mentions l\u00e9gales - artbonsai.fr\",\"isPartOf\":{\"@id\":\"https:\\\/\\\/www.artbonsai.fr\\\/#website\"},\"datePublished\":\"2024-10-04T09:22:49+00:00\",\"dateModified\":\"2025-01-17T13:29:15+00:00\",\"breadcrumb\":{\"@id\":\"https:\\\/\\\/www.artbonsai.fr\\\/index.php\\\/mentions-legales\\\/#breadcrumb\"},\"inLanguage\":\"fr-FR\",\"potentialAction\":[{\"@type\":\"ReadAction\",\"target\":[\"https:\\\/\\\/www.artbonsai.fr\\\/index.php\\\/mentions-legales\\\/\"]}]},{\"@type\":\"BreadcrumbList\",\"@id\":\"https:\\\/\\\/www.artbonsai.fr\\\/index.php\\\/mentions-legales\\\/#breadcrumb\",\"itemListElement\":[{\"@type\":\"ListItem\",\"position\":1,\"name\":\"Accueil\",\"item\":\"https:\\\/\\\/www.artbonsai.fr\\\/\"},{\"@type\":\"ListItem\",\"position\":2,\"name\":\"Mentions l\u00e9gales\"}]},{\"@type\":\"WebSite\",\"@id\":\"https:\\\/\\\/www.artbonsai.fr\\\/#website\",\"url\":\"https:\\\/\\\/www.artbonsai.fr\\\/\",\"name\":\"Art Bonsai\",\"description\":\"Apprenez l&#039;art du bonsa\u00ef\",\"publisher\":{\"@id\":\"https:\\\/\\\/www.artbonsai.fr\\\/#organization\"},\"alternateName\":\"Art Bonsai\",\"potentialAction\":[{\"@type\":\"SearchAction\",\"target\":{\"@type\":\"EntryPoint\",\"urlTemplate\":\"https:\\\/\\\/www.artbonsai.fr\\\/?s={search_term_string}\"},\"query-input\":{\"@type\":\"PropertyValueSpecification\",\"valueRequired\":true,\"valueName\":\"search_term_string\"}}],\"inLanguage\":\"fr-FR\"},{\"@type\":\"Organization\",\"@id\":\"https:\\\/\\\/www.artbonsai.fr\\\/#organization\",\"name\":\"Art Bonsai\",\"url\":\"https:\\\/\\\/www.artbonsai.fr\\\/\",\"logo\":{\"@type\":\"ImageObject\",\"inLanguage\":\"fr-FR\",\"@id\":\"https:\\\/\\\/www.artbonsai.fr\\\/#\\\/schema\\\/logo\\\/image\\\/\",\"url\":\"https:\\\/\\\/www.artbonsai.fr\\\/wp-content\\\/uploads\\\/2024\\\/05\\\/ArtBonsaiLogo.png\",\"contentUrl\":\"https:\\\/\\\/www.artbonsai.fr\\\/wp-content\\\/uploads\\\/2024\\\/05\\\/ArtBonsaiLogo.png\",\"width\":1887,\"height\":1881,\"caption\":\"Art Bonsai\"},\"image\":{\"@id\":\"https:\\\/\\\/www.artbonsai.fr\\\/#\\\/schema\\\/logo\\\/image\\\/\"},\"sameAs\":[\"https:\\\/\\\/www.facebook.com\\\/profile.php?id=61572870470288\"]}]}<\/script>\n<!-- \/ Yoast SEO plugin. -->","yoast_head_json":{"title":"Mentions l\u00e9gales - artbonsai.fr","robots":{"index":"index","follow":"follow","max-snippet":"max-snippet:-1","max-image-preview":"max-image-preview:large","max-video-preview":"max-video-preview:-1"},"canonical":"https:\/\/www.artbonsai.fr\/index.php\/mentions-legales\/","og_locale":"fr_FR","og_type":"article","og_title":"Mentions l\u00e9gales - artbonsai.fr","og_description":"Mentions l\u00e9gales en vigueur au 04\/09\/2024 Conform\u00e9ment aux dispositions de la loi n\u00b02004-575 du 21 juin 2004 pour la Confiance en l\u2019\u00e9conomie num\u00e9rique, il est port\u00e9 \u00e0 la connaissance des utilisateurs et visiteurs, ci-apr\u00e8s l&rsquo;Utilisateur, du site www.artbonsai.fr , ci-apr\u00e8s le Site, les pr\u00e9sentes mentions l\u00e9gales. La connexion et la navigation sur le Site par [&hellip;]","og_url":"https:\/\/www.artbonsai.fr\/index.php\/mentions-legales\/","og_site_name":"artbonsai.fr","article_publisher":"https:\/\/www.facebook.com\/profile.php?id=61572870470288","article_modified_time":"2025-01-17T13:29:15+00:00","og_image":[{"width":512,"height":512,"url":"https:\/\/www.artbonsai.fr\/wp-content\/uploads\/2024\/08\/cropped-Logo_ArtBonsaiWhite.jpg","type":"image\/jpeg"}],"twitter_card":"summary_large_image","twitter_misc":{"Dur\u00e9e de lecture estim\u00e9e":"2 minutes"},"schema":{"@context":"https:\/\/schema.org","@graph":[{"@type":"WebPage","@id":"https:\/\/www.artbonsai.fr\/index.php\/mentions-legales\/","url":"https:\/\/www.artbonsai.fr\/index.php\/mentions-legales\/","name":"Mentions l\u00e9gales - artbonsai.fr","isPartOf":{"@id":"https:\/\/www.artbonsai.fr\/#website"},"datePublished":"2024-10-04T09:22:49+00:00","dateModified":"2025-01-17T13:29:15+00:00","breadcrumb":{"@id":"https:\/\/www.artbonsai.fr\/index.php\/mentions-legales\/#breadcrumb"},"inLanguage":"fr-FR","potentialAction":[{"@type":"ReadAction","target":["https:\/\/www.artbonsai.fr\/index.php\/mentions-legales\/"]}]},{"@type":"BreadcrumbList","@id":"https:\/\/www.artbonsai.fr\/index.php\/mentions-legales\/#breadcrumb","itemListElement":[{"@type":"ListItem","position":1,"name":"Accueil","item":"https:\/\/www.artbonsai.fr\/"},{"@type":"ListItem","position":2,"name":"Mentions l\u00e9gales"}]},{"@type":"WebSite","@id":"https:\/\/www.artbonsai.fr\/#website","url":"https:\/\/www.artbonsai.fr\/","name":"Art Bonsai","description":"Apprenez l&#039;art du bonsa\u00ef","publisher":{"@id":"https:\/\/www.artbonsai.fr\/#organization"},"alternateName":"Art Bonsai","potentialAction":[{"@type":"SearchAction","target":{"@type":"EntryPoint","urlTemplate":"https:\/\/www.artbonsai.fr\/?s={search_term_string}"},"query-input":{"@type":"PropertyValueSpecification","valueRequired":true,"valueName":"search_term_string"}}],"inLanguage":"fr-FR"},{"@type":"Organization","@id":"https:\/\/www.artbonsai.fr\/#organization","name":"Art Bonsai","url":"https:\/\/www.artbonsai.fr\/","logo":{"@type":"ImageObject","inLanguage":"fr-FR","@id":"https:\/\/www.artbonsai.fr\/#\/schema\/logo\/image\/","url":"https:\/\/www.artbonsai.fr\/wp-content\/uploads\/2024\/05\/ArtBonsaiLogo.png","contentUrl":"https:\/\/www.artbonsai.fr\/wp-content\/uploads\/2024\/05\/ArtBonsaiLogo.png","width":1887,"height":1881,"caption":"Art Bonsai"},"image":{"@id":"https:\/\/www.artbonsai.fr\/#\/schema\/logo\/image\/"},"sameAs":["https:\/\/www.facebook.com\/profile.php?id=61572870470288"]}]}},"_links":{"self":[{"href":"https:\/\/www.artbonsai.fr\/index.php\/wp-json\/wp\/v2\/pages\/1383","targetHints":{"allow":["GET"]}}],"collection":[{"href":"https:\/\/www.artbonsai.fr\/index.php\/wp-json\/wp\/v2\/pages"}],"about":[{"href":"https:\/\/www.artbonsai.fr\/index.php\/wp-json\/wp\/v2\/types\/page"}],"author":[{"embeddable":true,"href":"https:\/\/www.artbonsai.fr\/index.php\/wp-json\/wp\/v2\/users\/1"}],"replies":[{"embeddable":true,"href":"https:\/\/www.artbonsai.fr\/index.php\/wp-json\/wp\/v2\/comments?post=1383"}],"version-history":[{"count":11,"href":"https:\/\/www.artbonsai.fr\/index.php\/wp-json\/wp\/v2\/pages\/1383\/revisions"}],"predecessor-version":[{"id":1464,"href":"https:\/\/www.artbonsai.fr\/index.php\/wp-json\/wp\/v2\/pages\/1383\/revisions\/1464"}],"wp:attachment":[{"href":"https:\/\/www.artbonsai.fr\/index.php\/wp-json\/wp\/v2\/media?parent=1383"}],"curies":[{"name":"wp","href":"https:\/\/api.w.org\/{rel}","templated":true}]}}