{"id":22,"date":"2024-05-30T10:35:01","date_gmt":"2024-05-30T08:35:01","guid":{"rendered":"http:\/\/uqkdisz.cluster029.hosting.ovh.net\/?page_id=22"},"modified":"2025-10-26T18:38:26","modified_gmt":"2025-10-26T17:38:26","slug":"contacts","status":"publish","type":"page","link":"https:\/\/www.artbonsai.fr\/index.php\/contacts\/","title":{"rendered":"Contacts"},"content":{"rendered":"\n<div class=\"wp-block-cover alignfull\" style=\"padding-top:2%;min-height:344px;aspect-ratio:unset;\"><img loading=\"lazy\" decoding=\"async\" width=\"2560\" height=\"1706\" class=\"wp-block-cover__image-background wp-image-996\" alt=\"\" src=\"https:\/\/www.artbonsai.fr\/wp-content\/uploads\/2024\/08\/ice-tea-abl4gGhan9k-unsplash-scaled.jpg\" data-object-fit=\"cover\" srcset=\"https:\/\/www.artbonsai.fr\/wp-content\/uploads\/2024\/08\/ice-tea-abl4gGhan9k-unsplash-scaled.jpg 2560w, https:\/\/www.artbonsai.fr\/wp-content\/uploads\/2024\/08\/ice-tea-abl4gGhan9k-unsplash-300x200.jpg 300w, https:\/\/www.artbonsai.fr\/wp-content\/uploads\/2024\/08\/ice-tea-abl4gGhan9k-unsplash-1024x683.jpg 1024w, https:\/\/www.artbonsai.fr\/wp-content\/uploads\/2024\/08\/ice-tea-abl4gGhan9k-unsplash-768x512.jpg 768w, https:\/\/www.artbonsai.fr\/wp-content\/uploads\/2024\/08\/ice-tea-abl4gGhan9k-unsplash-1536x1024.jpg 1536w, https:\/\/www.artbonsai.fr\/wp-content\/uploads\/2024\/08\/ice-tea-abl4gGhan9k-unsplash-2048x1365.jpg 2048w\" sizes=\"auto, (max-width: 2560px) 100vw, 2560px\" \/><span aria-hidden=\"true\" class=\"wp-block-cover__background has-background-dim-30 has-background-dim\" style=\"background-color:#a8a449\"><\/span><div class=\"wp-block-cover__inner-container has-global-padding is-layout-constrained wp-container-core-cover-is-layout-ee51f2d2 wp-block-cover-is-layout-constrained\">\n<div class=\"wp-block-group alignwide is-vertical is-content-justification-center is-layout-flex wp-container-core-group-is-layout-5e763914 wp-block-group-is-layout-flex\" style=\"min-height:8rem\">\n<div class=\"wp-block-group has-global-padding is-layout-constrained wp-container-core-group-is-layout-bea02a06 wp-block-group-is-layout-constrained\">\n<h2 class=\"wp-block-heading has-text-align-center has-text-color\" style=\"color:#f7f8fa;margin-top:0rem;margin-bottom:1.01rem;font-size:clamp(2.835rem, 2.835rem + ((1vw - 0.2rem) * 4.845), 5.5rem);font-style:normal;font-weight:500;line-height:1;text-transform:capitalize\"><strong><em>Contactez-nous<\/em><\/strong><\/h2>\n<\/div>\n<\/div>\n<\/div><\/div>\n\n\n\n<section class=\"wp-block-group alignfull has-text-color has-global-padding is-layout-constrained wp-container-core-group-is-layout-4252d6ba wp-block-group-is-layout-constrained\" style=\"color:#03081e;margin-top:0px;padding-top:6.51rem;padding-right:1rem;padding-bottom:5.5rem;padding-left:1rem;font-size:clamp(0.875rem, 0.875rem + ((1vw - 0.2rem) * 0.464), 1.13rem);font-style:normal;font-weight:400;line-height:1.4\">\n<div class=\"wp-block-group alignfull has-text-color has-global-padding is-layout-constrained wp-container-core-group-is-layout-9f6dfefa wp-block-group-is-layout-constrained\" style=\"color:#252525;margin-top:0px;padding-top:0rem;padding-right:1rem;padding-bottom:0rem;padding-left:1rem;font-size:clamp(0.875rem, 0.875rem + ((1vw - 0.2rem) * 0.464), 1.13rem);font-style:normal;font-weight:400;line-height:1.4\">\n<div class=\"wp-block-group alignwide has-global-padding is-layout-constrained wp-block-group-is-layout-constrained\">\n<div class=\"wp-block-group has-global-padding is-layout-constrained wp-block-group-is-layout-constrained\">\n<h2 class=\"wp-block-heading alignwide has-text-align-center has-text-color\" style=\"color:#010512;margin-bottom:0.51rem;font-size:clamp(1.307rem, 1.307rem + ((1vw - 0.2rem) * 1.46), 2.11rem);font-style:normal;font-weight:500;line-height:1.2\"><strong>Formulaire de contact<\/strong><\/h2>\n\n\n\n<p class=\"has-text-align-center has-text-color\" style=\"color:#575763;margin-top:0rem;font-size:clamp(0.875rem, 0.875rem + ((1vw - 0.2rem) * 0.064), 0.91rem);font-style:normal;font-weight:400;line-height:1.5\">Contactez nous d\u00e8s \u00e0 pr\u00e9sent pour commencer ou parfaire votre connaissance du bonsa\u00ef., Nous vous attendons avec impatience.<\/p>\n\n\n<style id=\"wpforms-css-vars-232-block-15e41f3c-1455-4730-a4dc-f0255477cab8\">\n\t\t\t\t#wpforms-232.wpforms-block-15e41f3c-1455-4730-a4dc-f0255477cab8 {\n\t\t\t\t--wpforms-field-border-radius: 2.5rem;\n--wpforms-field-background-color: #eff9ff;\n--wpforms-field-border-color: #041e5424;\n--wpforms-field-border-color-spare: #041e5424;\n--wpforms-field-text-color: #041d55;\n--wpforms-button-border-radius: 2.5rem;\n--wpforms-button-background-color: #9fa528;\n--wpforms-field-size-input-height: 50px;\n--wpforms-field-size-input-spacing: 20px;\n--wpforms-field-size-font-size: 18px;\n--wpforms-field-size-line-height: 21px;\n--wpforms-field-size-padding-h: 14px;\n--wpforms-field-size-checkbox-size: 18px;\n--wpforms-field-size-sublabel-spacing: 10px;\n--wpforms-field-size-icon-size: 1.25;\n--wpforms-label-size-font-size: 16px;\n--wpforms-label-size-line-height: 19px;\n--wpforms-label-size-sublabel-font-size: 14px;\n--wpforms-label-size-sublabel-line-height: 17px;\n--wpforms-button-size-font-size: 20px;\n--wpforms-button-size-height: 48px;\n--wpforms-button-size-padding-h: 20px;\n--wpforms-button-size-margin-top: 15px;\n\t\t\t}\n\t\t\t<\/style><div class=\"wpforms-container wpforms-container-full wpforms-block wpforms-block-15e41f3c-1455-4730-a4dc-f0255477cab8 wpforms-render-modern\" id=\"wpforms-232\"><form id=\"wpforms-form-232\" class=\"wpforms-validate wpforms-form wpforms-ajax-form\" data-formid=\"232\" method=\"post\" enctype=\"multipart\/form-data\" action=\"\/index.php\/wp-json\/wp\/v2\/pages\/22\" data-token=\"a4430e0858dbd3f33db28ade51325b19\" data-token-time=\"1776026429\"><noscript class=\"wpforms-error-noscript\">Veuillez activer JavaScript dans votre navigateur pour remplir ce formulaire.<\/noscript><div id=\"wpforms-error-noscript\" style=\"display: none;\">Veuillez activer JavaScript dans votre navigateur pour remplir ce formulaire.<\/div><div class=\"wpforms-field-container\"><div id=\"wpforms-232-field_0-container\" class=\"wpforms-field wpforms-field-name\" data-field-id=\"0\"><label class=\"wpforms-field-label\" for=\"wpforms-232-field_0\">Nom <span class=\"wpforms-required-label\" aria-hidden=\"true\">*<\/span><\/label><input type=\"text\" id=\"wpforms-232-field_0\" class=\"wpforms-field-large wpforms-field-required\" name=\"wpforms[fields][0]\" aria-errormessage=\"wpforms-232-field_0-error\" required><\/div><div id=\"wpforms-232-field_1-container\" class=\"wpforms-field wpforms-field-email\" data-field-id=\"1\"><label class=\"wpforms-field-label\" for=\"wpforms-232-field_1\">E-mail <span class=\"wpforms-required-label\" aria-hidden=\"true\">*<\/span><\/label><input type=\"email\" id=\"wpforms-232-field_1\" class=\"wpforms-field-large wpforms-field-required\" name=\"wpforms[fields][1]\" spellcheck=\"false\" aria-errormessage=\"wpforms-232-field_1-error\" required><\/div><div id=\"wpforms-232-field_9-container\" class=\"wpforms-field wpforms-field-number\" data-field-id=\"9\"><label class=\"wpforms-field-label\" for=\"wpforms-232-field_9\">T\u00e9l\u00e9phone (facultatif)<\/label><input type=\"number\" id=\"wpforms-232-field_9\" class=\"wpforms-field-medium\" name=\"wpforms[fields][9]\" step=\"any\" aria-errormessage=\"wpforms-232-field_9-error\" ><\/div><div id=\"wpforms-232-field_3-container\" class=\"wpforms-field wpforms-field-radio\" data-field-id=\"3\"><fieldset><legend class=\"wpforms-field-label\">Choix multiple<\/legend><ul id=\"wpforms-232-field_3\"><li class=\"choice-1 depth-1\"><input type=\"radio\" id=\"wpforms-232-field_3_1\" name=\"wpforms[fields][3]\" value=\"Demande d&#039;Info\" aria-errormessage=\"wpforms-232-field_3_1-error\"  ><label class=\"wpforms-field-label-inline\" for=\"wpforms-232-field_3_1\">Demande d&rsquo;Info<\/label><\/li><li class=\"choice-2 depth-1\"><input type=\"radio\" id=\"wpforms-232-field_3_2\" name=\"wpforms[fields][3]\" value=\"Inscription Atelier\" aria-errormessage=\"wpforms-232-field_3_2-error\"  ><label class=\"wpforms-field-label-inline\" for=\"wpforms-232-field_3_2\">Inscription Atelier<\/label><\/li><li class=\"choice-3 depth-1\"><input type=\"radio\" id=\"wpforms-232-field_3_3\" name=\"wpforms[fields][3]\" value=\"Divers\" aria-errormessage=\"wpforms-232-field_3_3-error\"  ><label class=\"wpforms-field-label-inline\" for=\"wpforms-232-field_3_3\">Divers<\/label><\/li><\/ul><\/fieldset><\/div><div id=\"wpforms-232-field_2-container\" class=\"wpforms-field wpforms-field-textarea\" data-field-id=\"2\"><label class=\"wpforms-field-label\" for=\"wpforms-232-field_2\">Commentaire ou message<\/label><textarea id=\"wpforms-232-field_2\" class=\"wpforms-field-medium\" name=\"wpforms[fields][2]\" aria-errormessage=\"wpforms-232-field_2-error\" ><\/textarea><\/div><\/div><!-- .wpforms-field-container --><div class=\"wpforms-recaptcha-container wpforms-is-hcaptcha\" ><div class=\"h-captcha\" data-sitekey=\"fd364f0e-2b16-4624-bf46-fee217466372\"><\/div><input type=\"text\" name=\"g-recaptcha-hidden\" class=\"wpforms-recaptcha-hidden\" style=\"position:absolute!important;clip:rect(0,0,0,0)!important;height:1px!important;width:1px!important;border:0!important;overflow:hidden!important;padding:0!important;margin:0!important;\" data-rule-hcaptcha=\"1\"><\/div><div class=\"wpforms-submit-container\" ><input type=\"hidden\" name=\"wpforms[id]\" value=\"232\"><input type=\"hidden\" name=\"page_title\" value=\"\"><input type=\"hidden\" name=\"page_url\" value=\"https:\/\/www.artbonsai.fr\/index.php\/wp-json\/wp\/v2\/pages\/22\"><input type=\"hidden\" name=\"url_referer\" value=\"\"><button type=\"submit\" name=\"wpforms[submit]\" id=\"wpforms-submit-232\" class=\"wpforms-submit\" data-alt-text=\"Envoi...\" data-submit-text=\"Envoyer\" aria-live=\"assertive\" value=\"wpforms-submit\">Envoyer<\/button><img loading=\"lazy\" decoding=\"async\" src=\"https:\/\/www.artbonsai.fr\/wp-content\/plugins\/wpforms-lite\/assets\/images\/submit-spin.svg\" class=\"wpforms-submit-spinner\" style=\"display: none;\" width=\"26\" height=\"26\" alt=\"Chargement en cours\"><\/div><\/form><\/div>  <!-- .wpforms-container --><\/div>\n<\/div>\n<\/div>\n<\/section>\n\n\n\n<section class=\"wp-block-cover alignfull has-custom-content-position is-position-top-center\" style=\"margin-top:0px;padding-top:0rem;padding-bottom:0px;min-height:426px;aspect-ratio:unset;\"><img loading=\"lazy\" decoding=\"async\" width=\"947\" height=\"596\" class=\"wp-block-cover__image-background wp-image-988\" alt=\"\" src=\"https:\/\/www.artbonsai.fr\/wp-content\/uploads\/2024\/08\/web-mousse-2.jpg\" data-object-fit=\"cover\" srcset=\"https:\/\/www.artbonsai.fr\/wp-content\/uploads\/2024\/08\/web-mousse-2.jpg 947w, https:\/\/www.artbonsai.fr\/wp-content\/uploads\/2024\/08\/web-mousse-2-300x189.jpg 300w, https:\/\/www.artbonsai.fr\/wp-content\/uploads\/2024\/08\/web-mousse-2-768x483.jpg 768w\" sizes=\"auto, (max-width: 947px) 100vw, 947px\" \/><span aria-hidden=\"true\" class=\"wp-block-cover__background has-background-dim-0 has-background-dim\" style=\"background-color:#788765\"><\/span><div class=\"wp-block-cover__inner-container has-global-padding is-layout-constrained wp-container-core-cover-is-layout-e165fa9a wp-block-cover-is-layout-constrained\">\n<p class=\"has-text-align-center has-large-font-size\"><\/p>\n<\/div><\/section>\n","protected":false},"excerpt":{"rendered":"<p>Formulaire de contact Contactez nous d\u00e8s \u00e0 pr\u00e9sent pour commencer ou parfaire votre connaissance du bonsa\u00ef., Nous vous attendons avec impatience.<\/p>\n","protected":false},"author":1,"featured_media":0,"parent":0,"menu_order":0,"comment_status":"closed","ping_status":"closed","template":"","meta":{"footnotes":""},"class_list":["post-22","page","type-page","status-publish","hentry"],"yoast_head":"<!-- This site is optimized with the Yoast SEO plugin v27.3 - https:\/\/yoast.com\/product\/yoast-seo-wordpress\/ -->\n<title>Contacts - artbonsai.fr<\/title>\n<meta name=\"description\" content=\"Sur cette page vous trouverez le moyen de nous contacter. Laissez nous vos coordonn\u00e9es. Nous vous r\u00e9pondrons dans les meilleurs d\u00e9lais.\" \/>\n<meta name=\"robots\" content=\"index, follow, max-snippet:-1, max-image-preview:large, max-video-preview:-1\" \/>\n<link rel=\"canonical\" href=\"https:\/\/www.artbonsai.fr\/index.php\/contacts\/\" \/>\n<meta property=\"og:locale\" content=\"fr_FR\" \/>\n<meta property=\"og:type\" content=\"article\" \/>\n<meta property=\"og:title\" content=\"Contacts - artbonsai.fr\" \/>\n<meta property=\"og:description\" content=\"Sur cette page vous trouverez le moyen de nous contacter. Laissez nous vos coordonn\u00e9es. Nous vous r\u00e9pondrons dans les meilleurs d\u00e9lais.\" \/>\n<meta property=\"og:url\" content=\"https:\/\/www.artbonsai.fr\/index.php\/contacts\/\" \/>\n<meta property=\"og:site_name\" content=\"artbonsai.fr\" \/>\n<meta property=\"article:publisher\" content=\"https:\/\/www.facebook.com\/profile.php?id=61572870470288\" \/>\n<meta property=\"article:modified_time\" content=\"2025-10-26T17:38:26+00:00\" \/>\n<meta property=\"og:image\" content=\"https:\/\/www.artbonsai.fr\/wp-content\/uploads\/2024\/08\/ice-tea-abl4gGhan9k-unsplash-scaled.jpg\" \/>\n\t<meta property=\"og:image:width\" content=\"2560\" \/>\n\t<meta property=\"og:image:height\" content=\"1706\" \/>\n\t<meta property=\"og:image:type\" content=\"image\/jpeg\" \/>\n<meta name=\"twitter:card\" content=\"summary_large_image\" \/>\n<meta name=\"twitter:label1\" content=\"Dur\u00e9e de lecture estim\u00e9e\" \/>\n\t<meta name=\"twitter:data1\" content=\"1 minute\" \/>\n<script type=\"application\/ld+json\" class=\"yoast-schema-graph\">{\"@context\":\"https:\\\/\\\/schema.org\",\"@graph\":[{\"@type\":\"WebPage\",\"@id\":\"https:\\\/\\\/www.artbonsai.fr\\\/index.php\\\/contacts\\\/\",\"url\":\"https:\\\/\\\/www.artbonsai.fr\\\/index.php\\\/contacts\\\/\",\"name\":\"Contacts - artbonsai.fr\",\"isPartOf\":{\"@id\":\"https:\\\/\\\/www.artbonsai.fr\\\/#website\"},\"primaryImageOfPage\":{\"@id\":\"https:\\\/\\\/www.artbonsai.fr\\\/index.php\\\/contacts\\\/#primaryimage\"},\"image\":{\"@id\":\"https:\\\/\\\/www.artbonsai.fr\\\/index.php\\\/contacts\\\/#primaryimage\"},\"thumbnailUrl\":\"https:\\\/\\\/www.artbonsai.fr\\\/wp-content\\\/uploads\\\/2024\\\/08\\\/ice-tea-abl4gGhan9k-unsplash-scaled.jpg\",\"datePublished\":\"2024-05-30T08:35:01+00:00\",\"dateModified\":\"2025-10-26T17:38:26+00:00\",\"description\":\"Sur cette page vous trouverez le moyen de nous contacter. Laissez nous vos coordonn\u00e9es. Nous vous r\u00e9pondrons dans les meilleurs d\u00e9lais.\",\"breadcrumb\":{\"@id\":\"https:\\\/\\\/www.artbonsai.fr\\\/index.php\\\/contacts\\\/#breadcrumb\"},\"inLanguage\":\"fr-FR\",\"potentialAction\":[{\"@type\":\"ReadAction\",\"target\":[\"https:\\\/\\\/www.artbonsai.fr\\\/index.php\\\/contacts\\\/\"]}]},{\"@type\":\"ImageObject\",\"inLanguage\":\"fr-FR\",\"@id\":\"https:\\\/\\\/www.artbonsai.fr\\\/index.php\\\/contacts\\\/#primaryimage\",\"url\":\"https:\\\/\\\/www.artbonsai.fr\\\/wp-content\\\/uploads\\\/2024\\\/08\\\/ice-tea-abl4gGhan9k-unsplash-scaled.jpg\",\"contentUrl\":\"https:\\\/\\\/www.artbonsai.fr\\\/wp-content\\\/uploads\\\/2024\\\/08\\\/ice-tea-abl4gGhan9k-unsplash-scaled.jpg\",\"width\":2560,\"height\":1706},{\"@type\":\"BreadcrumbList\",\"@id\":\"https:\\\/\\\/www.artbonsai.fr\\\/index.php\\\/contacts\\\/#breadcrumb\",\"itemListElement\":[{\"@type\":\"ListItem\",\"position\":1,\"name\":\"Accueil\",\"item\":\"https:\\\/\\\/www.artbonsai.fr\\\/\"},{\"@type\":\"ListItem\",\"position\":2,\"name\":\"Contacts\"}]},{\"@type\":\"WebSite\",\"@id\":\"https:\\\/\\\/www.artbonsai.fr\\\/#website\",\"url\":\"https:\\\/\\\/www.artbonsai.fr\\\/\",\"name\":\"Art Bonsai\",\"description\":\"Apprenez l&#039;art du bonsa\u00ef\",\"publisher\":{\"@id\":\"https:\\\/\\\/www.artbonsai.fr\\\/#organization\"},\"alternateName\":\"Art Bonsai\",\"potentialAction\":[{\"@type\":\"SearchAction\",\"target\":{\"@type\":\"EntryPoint\",\"urlTemplate\":\"https:\\\/\\\/www.artbonsai.fr\\\/?s={search_term_string}\"},\"query-input\":{\"@type\":\"PropertyValueSpecification\",\"valueRequired\":true,\"valueName\":\"search_term_string\"}}],\"inLanguage\":\"fr-FR\"},{\"@type\":\"Organization\",\"@id\":\"https:\\\/\\\/www.artbonsai.fr\\\/#organization\",\"name\":\"Art Bonsai\",\"url\":\"https:\\\/\\\/www.artbonsai.fr\\\/\",\"logo\":{\"@type\":\"ImageObject\",\"inLanguage\":\"fr-FR\",\"@id\":\"https:\\\/\\\/www.artbonsai.fr\\\/#\\\/schema\\\/logo\\\/image\\\/\",\"url\":\"https:\\\/\\\/www.artbonsai.fr\\\/wp-content\\\/uploads\\\/2024\\\/05\\\/ArtBonsaiLogo.png\",\"contentUrl\":\"https:\\\/\\\/www.artbonsai.fr\\\/wp-content\\\/uploads\\\/2024\\\/05\\\/ArtBonsaiLogo.png\",\"width\":1887,\"height\":1881,\"caption\":\"Art Bonsai\"},\"image\":{\"@id\":\"https:\\\/\\\/www.artbonsai.fr\\\/#\\\/schema\\\/logo\\\/image\\\/\"},\"sameAs\":[\"https:\\\/\\\/www.facebook.com\\\/profile.php?id=61572870470288\"]}]}<\/script>\n<!-- \/ Yoast SEO plugin. -->","yoast_head_json":{"title":"Contacts - artbonsai.fr","description":"Sur cette page vous trouverez le moyen de nous contacter. Laissez nous vos coordonn\u00e9es. Nous vous r\u00e9pondrons dans les meilleurs d\u00e9lais.","robots":{"index":"index","follow":"follow","max-snippet":"max-snippet:-1","max-image-preview":"max-image-preview:large","max-video-preview":"max-video-preview:-1"},"canonical":"https:\/\/www.artbonsai.fr\/index.php\/contacts\/","og_locale":"fr_FR","og_type":"article","og_title":"Contacts - artbonsai.fr","og_description":"Sur cette page vous trouverez le moyen de nous contacter. Laissez nous vos coordonn\u00e9es. Nous vous r\u00e9pondrons dans les meilleurs d\u00e9lais.","og_url":"https:\/\/www.artbonsai.fr\/index.php\/contacts\/","og_site_name":"artbonsai.fr","article_publisher":"https:\/\/www.facebook.com\/profile.php?id=61572870470288","article_modified_time":"2025-10-26T17:38:26+00:00","og_image":[{"width":2560,"height":1706,"url":"https:\/\/www.artbonsai.fr\/wp-content\/uploads\/2024\/08\/ice-tea-abl4gGhan9k-unsplash-scaled.jpg","type":"image\/jpeg"}],"twitter_card":"summary_large_image","twitter_misc":{"Dur\u00e9e de lecture estim\u00e9e":"1 minute"},"schema":{"@context":"https:\/\/schema.org","@graph":[{"@type":"WebPage","@id":"https:\/\/www.artbonsai.fr\/index.php\/contacts\/","url":"https:\/\/www.artbonsai.fr\/index.php\/contacts\/","name":"Contacts - artbonsai.fr","isPartOf":{"@id":"https:\/\/www.artbonsai.fr\/#website"},"primaryImageOfPage":{"@id":"https:\/\/www.artbonsai.fr\/index.php\/contacts\/#primaryimage"},"image":{"@id":"https:\/\/www.artbonsai.fr\/index.php\/contacts\/#primaryimage"},"thumbnailUrl":"https:\/\/www.artbonsai.fr\/wp-content\/uploads\/2024\/08\/ice-tea-abl4gGhan9k-unsplash-scaled.jpg","datePublished":"2024-05-30T08:35:01+00:00","dateModified":"2025-10-26T17:38:26+00:00","description":"Sur cette page vous trouverez le moyen de nous contacter. Laissez nous vos coordonn\u00e9es. Nous vous r\u00e9pondrons dans les meilleurs d\u00e9lais.","breadcrumb":{"@id":"https:\/\/www.artbonsai.fr\/index.php\/contacts\/#breadcrumb"},"inLanguage":"fr-FR","potentialAction":[{"@type":"ReadAction","target":["https:\/\/www.artbonsai.fr\/index.php\/contacts\/"]}]},{"@type":"ImageObject","inLanguage":"fr-FR","@id":"https:\/\/www.artbonsai.fr\/index.php\/contacts\/#primaryimage","url":"https:\/\/www.artbonsai.fr\/wp-content\/uploads\/2024\/08\/ice-tea-abl4gGhan9k-unsplash-scaled.jpg","contentUrl":"https:\/\/www.artbonsai.fr\/wp-content\/uploads\/2024\/08\/ice-tea-abl4gGhan9k-unsplash-scaled.jpg","width":2560,"height":1706},{"@type":"BreadcrumbList","@id":"https:\/\/www.artbonsai.fr\/index.php\/contacts\/#breadcrumb","itemListElement":[{"@type":"ListItem","position":1,"name":"Accueil","item":"https:\/\/www.artbonsai.fr\/"},{"@type":"ListItem","position":2,"name":"Contacts"}]},{"@type":"WebSite","@id":"https:\/\/www.artbonsai.fr\/#website","url":"https:\/\/www.artbonsai.fr\/","name":"Art Bonsai","description":"Apprenez l&#039;art du bonsa\u00ef","publisher":{"@id":"https:\/\/www.artbonsai.fr\/#organization"},"alternateName":"Art Bonsai","potentialAction":[{"@type":"SearchAction","target":{"@type":"EntryPoint","urlTemplate":"https:\/\/www.artbonsai.fr\/?s={search_term_string}"},"query-input":{"@type":"PropertyValueSpecification","valueRequired":true,"valueName":"search_term_string"}}],"inLanguage":"fr-FR"},{"@type":"Organization","@id":"https:\/\/www.artbonsai.fr\/#organization","name":"Art Bonsai","url":"https:\/\/www.artbonsai.fr\/","logo":{"@type":"ImageObject","inLanguage":"fr-FR","@id":"https:\/\/www.artbonsai.fr\/#\/schema\/logo\/image\/","url":"https:\/\/www.artbonsai.fr\/wp-content\/uploads\/2024\/05\/ArtBonsaiLogo.png","contentUrl":"https:\/\/www.artbonsai.fr\/wp-content\/uploads\/2024\/05\/ArtBonsaiLogo.png","width":1887,"height":1881,"caption":"Art Bonsai"},"image":{"@id":"https:\/\/www.artbonsai.fr\/#\/schema\/logo\/image\/"},"sameAs":["https:\/\/www.facebook.com\/profile.php?id=61572870470288"]}]}},"_links":{"self":[{"href":"https:\/\/www.artbonsai.fr\/index.php\/wp-json\/wp\/v2\/pages\/22","targetHints":{"allow":["GET"]}}],"collection":[{"href":"https:\/\/www.artbonsai.fr\/index.php\/wp-json\/wp\/v2\/pages"}],"about":[{"href":"https:\/\/www.artbonsai.fr\/index.php\/wp-json\/wp\/v2\/types\/page"}],"author":[{"embeddable":true,"href":"https:\/\/www.artbonsai.fr\/index.php\/wp-json\/wp\/v2\/users\/1"}],"replies":[{"embeddable":true,"href":"https:\/\/www.artbonsai.fr\/index.php\/wp-json\/wp\/v2\/comments?post=22"}],"version-history":[{"count":20,"href":"https:\/\/www.artbonsai.fr\/index.php\/wp-json\/wp\/v2\/pages\/22\/revisions"}],"predecessor-version":[{"id":1522,"href":"https:\/\/www.artbonsai.fr\/index.php\/wp-json\/wp\/v2\/pages\/22\/revisions\/1522"}],"wp:attachment":[{"href":"https:\/\/www.artbonsai.fr\/index.php\/wp-json\/wp\/v2\/media?parent=22"}],"curies":[{"name":"wp","href":"https:\/\/api.w.org\/{rel}","templated":true}]}}